{"id":1488,"date":"2017-02-05T12:24:43","date_gmt":"2017-02-05T12:24:43","guid":{"rendered":"http:\/\/edgeccf.com\/?page_id=1488"},"modified":"2017-03-27T07:25:22","modified_gmt":"2017-03-27T07:25:22","slug":"sozumuz","status":"publish","type":"page","link":"https:\/\/www.edgeccf.com\/tr\/sozumuz\/","title":{"rendered":"Size S\u00f6z\u00fcm\u00fcz"},"content":{"rendered":"<div id=\"cs-content\" class=\"cs-content\"><\/div>\n","protected":false},"excerpt":{"rendered":"","protected":false},"author":7,"featured_media":0,"parent":0,"menu_order":0,"comment_status":"closed","ping_status":"closed","template":"template-blank-8.php","meta":{"ngg_post_thumbnail":0,"footnotes":""},"class_list":["post-1488","page","type-page","status-publish","hentry","no-post-thumbnail"],"_links":{"self":[{"href":"https:\/\/www.edgeccf.com\/tr\/wp-json\/wp\/v2\/pages\/1488","targetHints":{"allow":["GET"]}}],"collection":[{"href":"https:\/\/www.edgeccf.com\/tr\/wp-json\/wp\/v2\/pages"}],"about":[{"href":"https:\/\/www.edgeccf.com\/tr\/wp-json\/wp\/v2\/types\/page"}],"author":[{"embeddable":true,"href":"https:\/\/www.edgeccf.com\/tr\/wp-json\/wp\/v2\/users\/7"}],"replies":[{"embeddable":true,"href":"https:\/\/www.edgeccf.com\/tr\/wp-json\/wp\/v2\/comments?post=1488"}],"version-history":[{"count":0,"href":"https:\/\/www.edgeccf.com\/tr\/wp-json\/wp\/v2\/pages\/1488\/revisions"}],"wp:attachment":[{"href":"https:\/\/www.edgeccf.com\/tr\/wp-json\/wp\/v2\/media?parent=1488"}],"curies":[{"name":"wp","href":"https:\/\/api.w.org\/{rel}","templated":true}]}}